{"id":569,"date":"2019-05-22T11:01:41","date_gmt":"2019-05-22T09:01:41","guid":{"rendered":"http:\/\/ngrmaq.local\/?page_id=569"},"modified":"2021-09-30T16:59:39","modified_gmt":"2021-09-30T14:59:39","slug":"servicos","status":"publish","type":"page","link":"https:\/\/ngrmaq.es\/pt\/servicos\/","title":{"rendered":"Servi\u00e7os"},"content":{"rendered":"<p>[vc_row][vc_column][vc_empty_space height=&#8221;100px&#8221;][vc_column_text]Como empresa de engenharia, uma de nossas principais linhas de neg\u00f3cio \u00e9 a presta\u00e7\u00e3o de servi\u00e7os a terceiros. S\u00e3o diferentes tarefas em que somos especialistas e que nos s\u00e3o atribu\u00eddas porque a organiza\u00e7\u00e3o contratante n\u00e3o pode atingir o nosso n\u00edvel tecnol\u00f3gico ou porque prefere as externalizar por algum outro motivo:<\/p>\n<ul>\n<li><a href=\"http:\/\/www.ngrmaq.es\/pt\/servicos\/#desenho-de-rolos\" data-mce-href=\"http:\/\/www.ngrmaq.es\/pt\/servicos\/#desenho-de-rolos\">Desenho de novas ferramentas de perfilagem<\/a><\/li>\n<li><a href=\"http:\/\/www.ngrmaq.es\/pt\/servicos\/#fabricacao-de-rolos\" data-mce-href=\"http:\/\/www.ngrmaq.es\/pt\/servicos\/#fabricacao-de-rolos\">Fabrica\u00e7\u00e3o de ferramentas de perfilagem<\/a><\/li>\n<li><a href=\"http:\/\/www.ngrmaq.es\/pt\/servicos\/#otimizacao-correcao\" data-mce-href=\"http:\/\/www.ngrmaq.es\/pt\/servicos\/#otimizacao-correcao\">Otimiza\u00e7\u00e3o e corre\u00e7\u00e3o de problemas em ferramentas de perfilagem j\u00e1 existentes<\/a><\/li>\n<li><a href=\"http:\/\/www.ngrmaq.es\/pt\/servicos\/#analise-de-processos\" data-mce-href=\"http:\/\/www.ngrmaq.es\/pt\/servicos\/#analise-de-processos\">Analise de processos de deforma\u00e7\u00e3o<\/a><\/li>\n<\/ul>\n<p>[\/vc_column_text][vc_empty_space height=&#8221;80px&#8221;][\/vc_column][\/vc_row][vc_row full_width=&#8221;stretch_row_content_no_spaces&#8221;][vc_column][vc_single_image image=&#8221;369&#8243; img_size=&#8221;full&#8221; alignment=&#8221;center&#8221;][\/vc_column][\/vc_row][vc_row el_id=&#8221;diseno-de-rodillos&#8221;][vc_column][vc_empty_space height=&#8221;80px&#8221;][vc_column_text]<\/p>\n<h2>DESENHO DE ROLOS<\/h2>\n<p>[\/vc_column_text][vc_empty_space height=&#8221;50px&#8221;][vc_row_inner][vc_column_inner width=&#8221;2\/3&#8243;][vc_column_text]Atualmente, a crescente concorr\u00eancia existente no mercado do perfilagem faz que sejam exigidas se\u00e7\u00f5es cada vez mais complicadas, com toler\u00e2ncias mais estreitas e, \u00e0s vezes, em materiais pouco usados ou novos. Para poder fabricar este tipo de produtos de uma forma competitiva requer-se um&nbsp;<strong>know-how elevado<\/strong>, que aproveite as novas tecnologias de simula\u00e7\u00e3o para analisar a deforma\u00e7\u00e3o que a chapa vai sofrer durante a conforma\u00e7\u00e3o.<\/p>\n<p>Na NGRMAQ podemos testar virtualmente diferentes estrat\u00e9gias de perfilagem para finalmente otimizar aquela que tinha sido a mais favor\u00e1vel. Desta forma, podemos fazer que os nossos clientes venham a&nbsp;<strong>fabricar produtos que de outro modo seriam proibitivos de abordar<\/strong>, com um n\u00edvel de qualidade final conforme com as exig\u00eancias do mercado.[\/vc_column_text][vc_empty_space][\/vc_column_inner][vc_column_inner width=&#8221;1\/3&#8243;][vc_single_image image=&#8221;839&#8243; img_size=&#8221;full&#8221; alignment=&#8221;center&#8221;][vc_empty_space][\/vc_column_inner][\/vc_row_inner][vc_empty_space height=&#8221;50px&#8221;][\/vc_column][\/vc_row][vc_row full_width=&#8221;stretch_row&#8221; css=&#8221;.vc_custom_1549884444430{background-color: #e5e5e5 !important;}&#8221; el_id=&#8221;fabricacion-de-rodillos&#8221;][vc_column][vc_empty_space height=&#8221;80px&#8221;][vc_column_text]<\/p>\n<h2>FABRICA\u00c7\u00c3O DE ROLOS<\/h2>\n<p>[\/vc_column_text][vc_empty_space height=&#8221;50px&#8221;][vc_row_inner][vc_column_inner width=&#8221;1\/2&#8243;][vc_column_text]A nossa especialidade tem sido tradicionalmente o desenho de ferramentas, os servi\u00e7os de pura engenharia de perfilagem. Durante anos, se o cliente o requeria, tamb\u00e9m faz\u00edamos projetos chave na m\u00e3o em colabora\u00e7\u00e3o com tornearias de rolos de comprovada solv\u00eancia.<\/p>\n<p>Atualmente, somos o \u00fanico fornecedor para os nossos clientes tanto da engenharia como das ferramentas, e cobrimos assim toda a gama de necessidades que podem acontecer. Voc\u00ea s\u00f3 precisa entrar em contato connosco, explicar qual \u00e9 o seu projeto concreto, e n\u00f3s ajustar-nos-emos em todo momento ao \u00e2mbito dele, propondo em cada caso a solu\u00e7\u00e3o mais apropriada.[\/vc_column_text][vc_empty_space][\/vc_column_inner][vc_column_inner width=&#8221;1\/2&#8243;][vc_single_image image=&#8221;373&#8243; img_size=&#8221;full&#8221; alignment=&#8221;center&#8221;][vc_empty_space][\/vc_column_inner][\/vc_row_inner][vc_empty_space height=&#8221;50px&#8221;][\/vc_column][\/vc_row][vc_row el_id=&#8221;optimizacion-correccion-de-problemas&#8221;][vc_column][vc_empty_space height=&#8221;80px&#8221;][vc_column_text]<\/p>\n<h2>OTIMIZA\u00c7\u00c3O E CORRE\u00c7\u00c3O DE PROBLEMAS<\/h2>\n<p>[\/vc_column_text][vc_empty_space height=&#8221;50px&#8221;][vc_row_inner][vc_column_inner width=&#8221;2\/3&#8243;][vc_column_text]Tentar resolver os problemas que aparecem durante a fabrica\u00e7\u00e3o por perfilagem \u00e9 um processo que em muitas ocasi\u00f5es tem um final incerto. No pior dos casos, implica um&nbsp;<strong>enorme gasto de tempo e dinheiro<\/strong>&nbsp;at\u00e9 que se conclui com sucesso ou se alcan\u00e7a uma&nbsp;<strong>solu\u00e7\u00e3o de m\u00ednimos<\/strong>&nbsp;que o cliente aceita com relut\u00e2ncia.<\/p>\n<p>Na NGRMAQ temos ferramentas de simula\u00e7\u00e3o que nos permitem determinar com precis\u00e3o em que parte do processo est\u00e1 a raiz do problema em quest\u00e3o, e qual \u00e9 a <strong>verdadeira causa <\/strong>gra\u00e7as \u00e0 an\u00e1lise da deforma\u00e7\u00e3o do material durante a conforma\u00e7\u00e3o. Da mesma forma, tamb\u00e9m se prediz se as mudan\u00e7as propostas o resolvem e at\u00e9 que ponto.[\/vc_column_text][vc_empty_space][\/vc_column_inner][vc_column_inner width=&#8221;1\/3&#8243;][vc_single_image image=&#8221;845&#8243; img_size=&#8221;full&#8221; alignment=&#8221;center&#8221;][vc_empty_space][\/vc_column_inner][\/vc_row_inner][vc_empty_space height=&#8221;50px&#8221;][\/vc_column][\/vc_row][vc_row full_width=&#8221;stretch_row&#8221; css=&#8221;.vc_custom_1549884479022{background-color: #e5e5e5 !important;}&#8221; el_id=&#8221;analisis-de-procesos&#8221;][vc_column][vc_empty_space height=&#8221;80px&#8221;][vc_column_text]<\/p>\n<h2>AN\u00c1LISE DE PROCESSOS<\/h2>\n<p>[\/vc_column_text][vc_empty_space height=&#8221;50px&#8221;][vc_column_text]Investigar os resultados de um processo de conforma\u00e7\u00e3o para diferentes valores das vari\u00e1veis de processo exigiria um enorme investimento em equipamentos e horas de trabalho se a an\u00e1lise fosse realizada diretamente na m\u00e1quina real. No entanto, a simula\u00e7\u00e3o mediante elementos finitos n\u00e3o requer fabricar nenhum rolo nem consume chapa. Por isso, na NGRMAQ podemos analisar a&nbsp;<strong>influ\u00eancia de qualquer fator<\/strong>&nbsp;<strong>no processo<\/strong>&nbsp;dos nossos clientes com um custo perfeitamente suport\u00e1vel.<\/p>\n<p>Da mesma forma, podemos realizar&nbsp;<strong>estudos de viabilidade<\/strong>&nbsp;de novos produtos antes mesmo de pensar em mecanizar as ferramentas. Estas an\u00e1lises podem sugerir modifica\u00e7\u00f5es ao desenho das pe\u00e7as que evitem problemas (fraturas, ondula\u00e7\u00f5es, rugas&#8230;) nas fases posteriores de desenvolvimento e produ\u00e7\u00e3o em m\u00e1quina.<\/p>\n<p>Al\u00e9m de estudar os problemas que podem surgir na fabrica\u00e7\u00e3o real, com a ajuda das simula\u00e7\u00f5es de elementos finitos podemos&nbsp;<strong>estimar as mudan\u00e7as nas propriedades mec\u00e2nicas devidas \u00e0 conforma\u00e7\u00e3o<\/strong>. Os resultados podem ser usados como valores iniciais para outras an\u00e1lises posteriores, como por exemplo testes de impacto ou ensaios de resist\u00eancia s\u00edsmica dos produtos perfilados.[\/vc_column_text][vc_empty_space][vc_row_inner][vc_column_inner width=&#8221;1\/2&#8243;][vc_single_image image=&#8221;835&#8243; img_size=&#8221;full&#8221; alignment=&#8221;center&#8221;][vc_empty_space][\/vc_column_inner][vc_column_inner width=&#8221;1\/2&#8243;][vc_single_image image=&#8221;837&#8243; img_size=&#8221;full&#8221; alignment=&#8221;center&#8221;][vc_empty_space][\/vc_column_inner][\/vc_row_inner][vc_empty_space height=&#8221;50px&#8221;][\/vc_column][\/vc_row]<\/p>\n","protected":false},"excerpt":{"rendered":"<p>[vc_row][vc_column][vc_empty_space height=&#8221;100px&#8221;][vc_column_text]Como empresa de engenharia, uma de nossas principais linhas de neg\u00f3cio \u00e9 a presta\u00e7\u00e3o de servi\u00e7os a terceiros. S\u00e3o diferentes &#8230;<\/p>\n","protected":false},"author":1,"featured_media":0,"parent":0,"menu_order":0,"comment_status":"closed","ping_status":"closed","template":"","meta":{"footnotes":""},"class_list":["post-569","page","type-page","status-publish","hentry"],"yoast_head":"<!-- This site is optimized with the Yoast SEO plugin v26.4 - https:\/\/yoast.com\/wordpress\/plugins\/seo\/ -->\n<title>Servi\u00e7os - NGRMAQ<\/title>\n<meta name=\"robots\" content=\"index, follow, max-snippet:-1, max-image-preview:large, max-video-preview:-1\" \/>\n<link rel=\"canonical\" href=\"https:\/\/mail.ngrmaq.es\/pt\/servicos\/\" \/>\n<meta property=\"og:locale\" content=\"pt_PT\" \/>\n<meta property=\"og:type\" content=\"article\" \/>\n<meta property=\"og:title\" content=\"Servi\u00e7os - NGRMAQ\" \/>\n<meta property=\"og:description\" content=\"[vc_row][vc_column][vc_empty_space height=&#8221;100px&#8221;][vc_column_text]Como empresa de engenharia, uma de nossas principais linhas de neg\u00f3cio \u00e9 a presta\u00e7\u00e3o de servi\u00e7os a terceiros. S\u00e3o diferentes ...\" \/>\n<meta property=\"og:url\" content=\"https:\/\/mail.ngrmaq.es\/pt\/servicos\/\" \/>\n<meta property=\"og:site_name\" content=\"NGRMAQ\" \/>\n<meta property=\"article:modified_time\" content=\"2021-09-30T14:59:39+00:00\" \/>\n<meta name=\"twitter:card\" content=\"summary_large_image\" \/>\n<meta name=\"twitter:label1\" content=\"Est. reading time\" \/>\n\t<meta name=\"twitter:data1\" content=\"5 minutes\" \/>\n<script type=\"application\/ld+json\" class=\"yoast-schema-graph\">{\"@context\":\"https:\/\/schema.org\",\"@graph\":[{\"@type\":\"WebPage\",\"@id\":\"https:\/\/mail.ngrmaq.es\/pt\/servicos\/\",\"url\":\"https:\/\/mail.ngrmaq.es\/pt\/servicos\/\",\"name\":\"Servi\u00e7os - NGRMAQ\",\"isPartOf\":{\"@id\":\"https:\/\/www.ngrmaq.es\/pt\/#website\"},\"datePublished\":\"2019-05-22T09:01:41+00:00\",\"dateModified\":\"2021-09-30T14:59:39+00:00\",\"breadcrumb\":{\"@id\":\"https:\/\/mail.ngrmaq.es\/pt\/servicos\/#breadcrumb\"},\"inLanguage\":\"pt-PT\",\"potentialAction\":[{\"@type\":\"ReadAction\",\"target\":[\"https:\/\/mail.ngrmaq.es\/pt\/servicos\/\"]}]},{\"@type\":\"BreadcrumbList\",\"@id\":\"https:\/\/mail.ngrmaq.es\/pt\/servicos\/#breadcrumb\",\"itemListElement\":[{\"@type\":\"ListItem\",\"position\":1,\"name\":\"Portada\",\"item\":\"https:\/\/www.ngrmaq.es\/pt\/\"},{\"@type\":\"ListItem\",\"position\":2,\"name\":\"Servi\u00e7os\"}]},{\"@type\":\"WebSite\",\"@id\":\"https:\/\/www.ngrmaq.es\/pt\/#website\",\"url\":\"https:\/\/www.ngrmaq.es\/pt\/\",\"name\":\"NGRMAQ\",\"description\":\"El partner tecnol\u00f3gico de la industria del perfilado.\",\"potentialAction\":[{\"@type\":\"SearchAction\",\"target\":{\"@type\":\"EntryPoint\",\"urlTemplate\":\"https:\/\/www.ngrmaq.es\/pt\/?s={search_term_string}\"},\"query-input\":{\"@type\":\"PropertyValueSpecification\",\"valueRequired\":true,\"valueName\":\"search_term_string\"}}],\"inLanguage\":\"pt-PT\"}]}<\/script>\n<!-- \/ Yoast SEO plugin. -->","yoast_head_json":{"title":"Servi\u00e7os - NGRMAQ","robots":{"index":"index","follow":"follow","max-snippet":"max-snippet:-1","max-image-preview":"max-image-preview:large","max-video-preview":"max-video-preview:-1"},"canonical":"https:\/\/mail.ngrmaq.es\/pt\/servicos\/","og_locale":"pt_PT","og_type":"article","og_title":"Servi\u00e7os - NGRMAQ","og_description":"[vc_row][vc_column][vc_empty_space height=&#8221;100px&#8221;][vc_column_text]Como empresa de engenharia, uma de nossas principais linhas de neg\u00f3cio \u00e9 a presta\u00e7\u00e3o de servi\u00e7os a terceiros. S\u00e3o diferentes ...","og_url":"https:\/\/mail.ngrmaq.es\/pt\/servicos\/","og_site_name":"NGRMAQ","article_modified_time":"2021-09-30T14:59:39+00:00","twitter_card":"summary_large_image","twitter_misc":{"Est. reading time":"5 minutes"},"schema":{"@context":"https:\/\/schema.org","@graph":[{"@type":"WebPage","@id":"https:\/\/mail.ngrmaq.es\/pt\/servicos\/","url":"https:\/\/mail.ngrmaq.es\/pt\/servicos\/","name":"Servi\u00e7os - NGRMAQ","isPartOf":{"@id":"https:\/\/www.ngrmaq.es\/pt\/#website"},"datePublished":"2019-05-22T09:01:41+00:00","dateModified":"2021-09-30T14:59:39+00:00","breadcrumb":{"@id":"https:\/\/mail.ngrmaq.es\/pt\/servicos\/#breadcrumb"},"inLanguage":"pt-PT","potentialAction":[{"@type":"ReadAction","target":["https:\/\/mail.ngrmaq.es\/pt\/servicos\/"]}]},{"@type":"BreadcrumbList","@id":"https:\/\/mail.ngrmaq.es\/pt\/servicos\/#breadcrumb","itemListElement":[{"@type":"ListItem","position":1,"name":"Portada","item":"https:\/\/www.ngrmaq.es\/pt\/"},{"@type":"ListItem","position":2,"name":"Servi\u00e7os"}]},{"@type":"WebSite","@id":"https:\/\/www.ngrmaq.es\/pt\/#website","url":"https:\/\/www.ngrmaq.es\/pt\/","name":"NGRMAQ","description":"El partner tecnol\u00f3gico de la industria del perfilado.","potentialAction":[{"@type":"SearchAction","target":{"@type":"EntryPoint","urlTemplate":"https:\/\/www.ngrmaq.es\/pt\/?s={search_term_string}"},"query-input":{"@type":"PropertyValueSpecification","valueRequired":true,"valueName":"search_term_string"}}],"inLanguage":"pt-PT"}]}},"_links":{"self":[{"href":"https:\/\/ngrmaq.es\/pt\/wp-json\/wp\/v2\/pages\/569","targetHints":{"allow":["GET"]}}],"collection":[{"href":"https:\/\/ngrmaq.es\/pt\/wp-json\/wp\/v2\/pages"}],"about":[{"href":"https:\/\/ngrmaq.es\/pt\/wp-json\/wp\/v2\/types\/page"}],"author":[{"embeddable":true,"href":"https:\/\/ngrmaq.es\/pt\/wp-json\/wp\/v2\/users\/1"}],"replies":[{"embeddable":true,"href":"https:\/\/ngrmaq.es\/pt\/wp-json\/wp\/v2\/comments?post=569"}],"version-history":[{"count":10,"href":"https:\/\/ngrmaq.es\/pt\/wp-json\/wp\/v2\/pages\/569\/revisions"}],"predecessor-version":[{"id":882,"href":"https:\/\/ngrmaq.es\/pt\/wp-json\/wp\/v2\/pages\/569\/revisions\/882"}],"wp:attachment":[{"href":"https:\/\/ngrmaq.es\/pt\/wp-json\/wp\/v2\/media?parent=569"}],"curies":[{"name":"wp","href":"https:\/\/api.w.org\/{rel}","templated":true}]}}