{"id":580,"date":"2019-05-22T11:09:36","date_gmt":"2019-05-22T09:09:36","guid":{"rendered":"http:\/\/ngrmaq.local\/?page_id=580"},"modified":"2022-03-24T14:39:27","modified_gmt":"2022-03-24T13:39:27","slug":"nos","status":"publish","type":"page","link":"https:\/\/ngrmaq.es\/pt\/nos\/","title":{"rendered":"N\u00f3s"},"content":{"rendered":"<p>[vc_row][vc_column][vc_empty_space height=&#8221;100px&#8221;][vc_column_text]A NGRMAQ \u00e9 uma engenharia que centra a sua atividade no estudo dos\u00a0<strong>processos de conforma\u00e7\u00e3o de chapa met\u00e1lica<\/strong>. Nomeadamente, na NGRMAQ somos especialistas no perfilagem, tanto de tubo como de perfil aberto, al\u00e9m de processos afins e adicionais como a dobragem e o curvado.<\/p>\n<p>&nbsp;<\/p>\n<p>Com a ajuda da nossa experi\u00eancia e de simula\u00e7\u00f5es por elementos finitos de \u00faltima gera\u00e7\u00e3o somos capazes de analisar a\u00a0<strong>deforma\u00e7\u00e3o do material durante o processo de fabrica\u00e7\u00e3o<\/strong>. Deste modo, agimos\u00a0sobre as verdadeiras causas dos problemas antes mesmo de fabricar as ferramentas.[\/vc_column_text][vc_empty_space height=&#8221;80px&#8221;][\/vc_column][\/vc_row][vc_row full_width=&#8221;stretch_row_content_no_spaces&#8221;][vc_column][vc_single_image image=&#8221;342&#8243; img_size=&#8221;full&#8221; alignment=&#8221;center&#8221;][\/vc_column][\/vc_row][vc_row][vc_column el_id=&#8221;nuestra-mision&#8221;][vc_empty_space height=&#8221;80px&#8221;][vc_row_inner][vc_column_inner width=&#8221;2\/3&#8243;][vc_column_text]<\/p>\n<h2>NOSSA MISS\u00c3O<\/h2>\n<p>[\/vc_column_text][vc_empty_space][vc_column_text]A aus\u00eancia de uma <strong>abordagem cient\u00edfica para o perfilagem<\/strong> de chapas met\u00e1licas na Pen\u00ednsula Ib\u00e9rica dificulta a competitividade do setor dentro dos mercados europeu e internacional. O dom\u00ednio dos mecanismos de deforma\u00e7\u00e3o que atuam durante a conforma\u00e7\u00e3o \u00e9 o fator diferencial que permite \u00e0s empresas tecnologicamente mais avan\u00e7adas reduzir os custos e tempos de resposta \u00e0 hora de fabricar produtos mais complexos ou de maior qualidade.<\/p>\n<p>&nbsp;<\/p>\n<p>O objetivo da NGRMAQ \u00e9 ajudar a reduzir a dist\u00e2ncia entre os <strong>fabricantes de perfis<\/strong> e <strong>m\u00e1quinas<\/strong> <strong>perfiladoras<\/strong> de Espanha e Portugal e seus concorrentes mais desenvolvidos. Para isso, usamos a mesma tecnologia de elementos finitos que as organiza\u00e7\u00f5es mais avan\u00e7adas da Am\u00e9rica do Norte, Europa e \u00c1sia v\u00eam usando h\u00e1 uma d\u00e9cada, o software COPRA\u00ae RF FEA.[\/vc_column_text][\/vc_column_inner][vc_column_inner width=&#8221;1\/3&#8243;][vc_single_image image=&#8221;841&#8243; img_size=&#8221;full&#8221; alignment=&#8221;center&#8221;][vc_empty_space][vc_single_image image=&#8221;843&#8243; img_size=&#8221;full&#8221; alignment=&#8221;center&#8221;][\/vc_column_inner][\/vc_row_inner][vc_empty_space height=&#8221;80px&#8221;][\/vc_column][\/vc_row][vc_row full_width=&#8221;stretch_row&#8221; css=&#8221;.vc_custom_1549879659151{background-color: #e5e5e5 !important;}&#8221;][vc_column el_id=&#8221;quienes-somos&#8221;][vc_empty_space height=&#8221;80px&#8221;][vc_row_inner][\/vc_row_inner][vc_column_inner][\/vc_column_inner][vc_column_text]<\/p>\n<h2>SOBRE N\u00d3S<\/h2>\n<p>[\/vc_column_text][vc_empty_space][vc_column_text][vc_row][vc_column width=&#8221;1\/1&#8243;][vc_column_text]Para alcan\u00e7ar os nossos objetivos, na NGRMAQ temos um <a href=\"http:\/\/www.ngrmaq.es\/pt\/servicos\/\"><strong>portf\u00f3lio de servi\u00e7os<\/strong><\/a>\u00a0que ningu\u00e9m mais pode oferecer atualmente na Pen\u00ednsula Ib\u00e9rica. Estes servi\u00e7os v\u00e3o desde o desenho e fabrica\u00e7\u00e3o de ferramentas\u00a0para perfilagem, passando pela otimiza\u00e7\u00e3o e resolu\u00e7\u00e3o de problemas\u00a0em ferramentais de perfilagem j\u00e1 existentes, at\u00e9 o analise de diferentes processos de conforma\u00e7\u00e3o de chapa, n\u00e3o s\u00f3 perfilagem. Al\u00e9m disso, realizamos\u00a0<a href=\"http:\/\/www.ngrmaq.es\/pt\/formacao\/\"><strong>cursos de\u00a0forma\u00e7\u00e3o<\/strong><\/a>\u00a0sobre a abordagem cient\u00edfica ao perfilagem destinados a fabricantes de perfis, fabricantes de m\u00e1quinas de perfilagem e centros tecnol\u00f3gicos baseados na Pen\u00ednsula Ib\u00e9rica.<\/p>\n<p>De forma complementar, a NGRMAQ \u00e9\u00a0distribuidora para Espanha e Portugal de\u00a0<a href=\"http:\/\/www.ngrmaq.es\/pt\/software\/\"><strong>software industrial<\/strong><\/a>\u00a0CAD\/CAM\/CAE para o perfilagem de chapa, concretamente\u00a0<strong>PROFIL\u00ae<\/strong>, da <a href=\"http:\/\/www.ubeco.com\/profil.htm\">UBECO GmbH<\/a>. Todos os nossos projetos s\u00e3o realizados utilizando este software, que \u00e9 um dos mais difundidos no setor em todo o mundo.<\/p>\n<p>[\/vc_column_text][\/vc_column][\/vc_row][vc_row][vc_column][\/vc_column][\/vc_row][vc_row full_width=&#8221;stretch_row_content_no_spaces&#8221;][vc_column][vc_single_image image=&#8221;563&#8243; img_size=&#8221;full&#8221; alignment=&#8221;center&#8221;][\/vc_column][\/vc_row]<\/p>\n","protected":false},"excerpt":{"rendered":"<p>[vc_row][vc_column][vc_empty_space height=&#8221;100px&#8221;][vc_column_text]A NGRMAQ \u00e9 uma engenharia que centra a sua atividade no estudo dos\u00a0processos de conforma\u00e7\u00e3o de chapa met\u00e1lica. Nomeadamente, na &#8230;<\/p>\n","protected":false},"author":1,"featured_media":0,"parent":0,"menu_order":0,"comment_status":"closed","ping_status":"closed","template":"","meta":{"footnotes":""},"class_list":["post-580","page","type-page","status-publish","hentry"],"yoast_head":"<!-- This site is optimized with the Yoast SEO plugin v26.4 - https:\/\/yoast.com\/wordpress\/plugins\/seo\/ -->\n<title>N\u00f3s - NGRMAQ<\/title>\n<meta name=\"robots\" content=\"index, follow, max-snippet:-1, max-image-preview:large, max-video-preview:-1\" \/>\n<link rel=\"canonical\" href=\"https:\/\/mail.ngrmaq.es\/pt\/nos\/\" \/>\n<meta property=\"og:locale\" content=\"pt_PT\" \/>\n<meta property=\"og:type\" content=\"article\" \/>\n<meta property=\"og:title\" content=\"N\u00f3s - NGRMAQ\" \/>\n<meta property=\"og:description\" content=\"[vc_row][vc_column][vc_empty_space height=&#8221;100px&#8221;][vc_column_text]A NGRMAQ \u00e9 uma engenharia que centra a sua atividade no estudo dos\u00a0processos de conforma\u00e7\u00e3o de chapa met\u00e1lica. Nomeadamente, na ...\" \/>\n<meta property=\"og:url\" content=\"https:\/\/mail.ngrmaq.es\/pt\/nos\/\" \/>\n<meta property=\"og:site_name\" content=\"NGRMAQ\" \/>\n<meta property=\"article:modified_time\" content=\"2022-03-24T13:39:27+00:00\" \/>\n<meta name=\"twitter:card\" content=\"summary_large_image\" \/>\n<meta name=\"twitter:label1\" content=\"Est. reading time\" \/>\n\t<meta name=\"twitter:data1\" content=\"3 minutes\" \/>\n<script type=\"application\/ld+json\" class=\"yoast-schema-graph\">{\"@context\":\"https:\/\/schema.org\",\"@graph\":[{\"@type\":\"WebPage\",\"@id\":\"https:\/\/mail.ngrmaq.es\/pt\/nos\/\",\"url\":\"https:\/\/mail.ngrmaq.es\/pt\/nos\/\",\"name\":\"N\u00f3s - NGRMAQ\",\"isPartOf\":{\"@id\":\"https:\/\/www.ngrmaq.es\/pt\/#website\"},\"datePublished\":\"2019-05-22T09:09:36+00:00\",\"dateModified\":\"2022-03-24T13:39:27+00:00\",\"breadcrumb\":{\"@id\":\"https:\/\/mail.ngrmaq.es\/pt\/nos\/#breadcrumb\"},\"inLanguage\":\"pt-PT\",\"potentialAction\":[{\"@type\":\"ReadAction\",\"target\":[\"https:\/\/mail.ngrmaq.es\/pt\/nos\/\"]}]},{\"@type\":\"BreadcrumbList\",\"@id\":\"https:\/\/mail.ngrmaq.es\/pt\/nos\/#breadcrumb\",\"itemListElement\":[{\"@type\":\"ListItem\",\"position\":1,\"name\":\"Portada\",\"item\":\"https:\/\/www.ngrmaq.es\/pt\/\"},{\"@type\":\"ListItem\",\"position\":2,\"name\":\"N\u00f3s\"}]},{\"@type\":\"WebSite\",\"@id\":\"https:\/\/www.ngrmaq.es\/pt\/#website\",\"url\":\"https:\/\/www.ngrmaq.es\/pt\/\",\"name\":\"NGRMAQ\",\"description\":\"El partner tecnol\u00f3gico de la industria del perfilado.\",\"potentialAction\":[{\"@type\":\"SearchAction\",\"target\":{\"@type\":\"EntryPoint\",\"urlTemplate\":\"https:\/\/www.ngrmaq.es\/pt\/?s={search_term_string}\"},\"query-input\":{\"@type\":\"PropertyValueSpecification\",\"valueRequired\":true,\"valueName\":\"search_term_string\"}}],\"inLanguage\":\"pt-PT\"}]}<\/script>\n<!-- \/ Yoast SEO plugin. -->","yoast_head_json":{"title":"N\u00f3s - NGRMAQ","robots":{"index":"index","follow":"follow","max-snippet":"max-snippet:-1","max-image-preview":"max-image-preview:large","max-video-preview":"max-video-preview:-1"},"canonical":"https:\/\/mail.ngrmaq.es\/pt\/nos\/","og_locale":"pt_PT","og_type":"article","og_title":"N\u00f3s - NGRMAQ","og_description":"[vc_row][vc_column][vc_empty_space height=&#8221;100px&#8221;][vc_column_text]A NGRMAQ \u00e9 uma engenharia que centra a sua atividade no estudo dos\u00a0processos de conforma\u00e7\u00e3o de chapa met\u00e1lica. Nomeadamente, na ...","og_url":"https:\/\/mail.ngrmaq.es\/pt\/nos\/","og_site_name":"NGRMAQ","article_modified_time":"2022-03-24T13:39:27+00:00","twitter_card":"summary_large_image","twitter_misc":{"Est. reading time":"3 minutes"},"schema":{"@context":"https:\/\/schema.org","@graph":[{"@type":"WebPage","@id":"https:\/\/mail.ngrmaq.es\/pt\/nos\/","url":"https:\/\/mail.ngrmaq.es\/pt\/nos\/","name":"N\u00f3s - NGRMAQ","isPartOf":{"@id":"https:\/\/www.ngrmaq.es\/pt\/#website"},"datePublished":"2019-05-22T09:09:36+00:00","dateModified":"2022-03-24T13:39:27+00:00","breadcrumb":{"@id":"https:\/\/mail.ngrmaq.es\/pt\/nos\/#breadcrumb"},"inLanguage":"pt-PT","potentialAction":[{"@type":"ReadAction","target":["https:\/\/mail.ngrmaq.es\/pt\/nos\/"]}]},{"@type":"BreadcrumbList","@id":"https:\/\/mail.ngrmaq.es\/pt\/nos\/#breadcrumb","itemListElement":[{"@type":"ListItem","position":1,"name":"Portada","item":"https:\/\/www.ngrmaq.es\/pt\/"},{"@type":"ListItem","position":2,"name":"N\u00f3s"}]},{"@type":"WebSite","@id":"https:\/\/www.ngrmaq.es\/pt\/#website","url":"https:\/\/www.ngrmaq.es\/pt\/","name":"NGRMAQ","description":"El partner tecnol\u00f3gico de la industria del perfilado.","potentialAction":[{"@type":"SearchAction","target":{"@type":"EntryPoint","urlTemplate":"https:\/\/www.ngrmaq.es\/pt\/?s={search_term_string}"},"query-input":{"@type":"PropertyValueSpecification","valueRequired":true,"valueName":"search_term_string"}}],"inLanguage":"pt-PT"}]}},"_links":{"self":[{"href":"https:\/\/ngrmaq.es\/pt\/wp-json\/wp\/v2\/pages\/580","targetHints":{"allow":["GET"]}}],"collection":[{"href":"https:\/\/ngrmaq.es\/pt\/wp-json\/wp\/v2\/pages"}],"about":[{"href":"https:\/\/ngrmaq.es\/pt\/wp-json\/wp\/v2\/types\/page"}],"author":[{"embeddable":true,"href":"https:\/\/ngrmaq.es\/pt\/wp-json\/wp\/v2\/users\/1"}],"replies":[{"embeddable":true,"href":"https:\/\/ngrmaq.es\/pt\/wp-json\/wp\/v2\/comments?post=580"}],"version-history":[{"count":18,"href":"https:\/\/ngrmaq.es\/pt\/wp-json\/wp\/v2\/pages\/580\/revisions"}],"predecessor-version":[{"id":986,"href":"https:\/\/ngrmaq.es\/pt\/wp-json\/wp\/v2\/pages\/580\/revisions\/986"}],"wp:attachment":[{"href":"https:\/\/ngrmaq.es\/pt\/wp-json\/wp\/v2\/media?parent=580"}],"curies":[{"name":"wp","href":"https:\/\/api.w.org\/{rel}","templated":true}]}}