{"id":585,"date":"2019-05-22T11:49:52","date_gmt":"2019-05-22T09:49:52","guid":{"rendered":"http:\/\/ngrmaq.local\/?page_id=585"},"modified":"2022-03-28T13:14:03","modified_gmt":"2022-03-28T11:14:03","slug":"software","status":"publish","type":"page","link":"https:\/\/ngrmaq.es\/pt\/software\/","title":{"rendered":"Software"},"content":{"rendered":"<p>[vc_row][vc_column][vc_empty_space height=&#8221;100px&#8221;][vc_column_text]<\/p>\n<h2>SOFTWARE<\/h2>\n<p>[\/vc_column_text][vc_empty_space height=&#8221;50px&#8221;][vc_column_text]<strong>PROFIL\u00ae <\/strong>\u00e9 um sistema integral CAD\/CAM\/CAE para perfilagem de chapa que permite reduzir os tempos e custos de planifica\u00e7\u00e3o, desenho e engenharia exigidos pelo processo. Os ambientes de trabalho em PROFIL\u00ae s\u00e3o amig\u00e1veis, simples de aprender e guiam ao usu\u00e1rio desde a concep\u00e7\u00e3o do projeto at\u00e9 a fabrica\u00e7\u00e3o das ferramentas. Atualmente a tecnologia profil\u00ae \u00e9 presente em mais de 50 pa\u00edses.<\/p>\n<p>&nbsp;<\/p>\n<p><strong>PROFIL\u00ae <\/strong>cobre desde o desenho do perfil final, a flor (etapas de forma\u00e7\u00e3o) e os rolos at\u00e9 a estimativa r\u00e1pida da deforma\u00e7\u00e3o durante o processo, a gest\u00e3o do stock de ferramentas no estabelecimento e a gera\u00e7\u00e3o dos arquivos necess\u00e1rios para a sua fabrica\u00e7\u00e3o por CNC. O sistema pode comunicar com qualquer CAD do mercado via ActiveX ou por meio de arquivos neutros de interc\u00e2mbio, e assim o usu\u00e1rio pode usar seu CAD usual para os seus desenhos mais complexos de perfis ou rolos.<\/p>\n<p>&nbsp;<\/p>\n<p>O aplicativo PROFIL\u00ae Full Version \u00e9 um sistema completo e fechado, no sentido de que tem todas as funcionalidades necess\u00e1rias para a conforma\u00e7\u00e3o de perfis e a fabrica\u00e7\u00e3o de tubos, com o que o usu\u00e1rio n\u00e3o va ter surpresas desagrad\u00e1veis \u200b\u200bna forma de m\u00f3dulos adicionais n\u00e3o adquiridos, os quais aumentma notavelmente o custo inicialmente planejado.<\/p>\n<p>&nbsp;<\/p>\n<p>Por outro lado,\u00a0<strong>PROFIL\u00ae <\/strong>tem a possibilidade de vincluar de forma c\u00f3mida e simples com <a href=\"http:\/\/www.ngrmaq.es\/pt\/software\/#copra-fea-rf\"><strong>LS-DYNA<\/strong><\/a>, software de elementos finitos com o qual cria um ambiente especificamente concebido para a an\u00e1lise do processo de perfilagem e independente dos demais m\u00f3dulos.[\/vc_column_text][vc_empty_space height=&#8221;50px&#8221;][\/vc_column][\/vc_row][vc_row full_width=&#8221;stretch_row_content_no_spaces&#8221;][vc_column][vc_single_image image=&#8221;391&#8243; img_size=&#8221;full&#8221; alignment=&#8221;center&#8221;][\/vc_column][\/vc_row][vc_row el_id=&#8221;copra-rf-para-perfiles&#8221;][vc_column][vc_empty_space height=&#8221;80px&#8221;][vc_column_text]<\/p>\n<h2>PROFIL\u00ae para Perfis<\/h2>\n<p>[\/vc_column_text][vc_empty_space height=&#8221;50px&#8221;][vc_column_text]<strong>PROFIL\u00ae para Perfis <\/strong>abrange todos os m\u00f3dulos necess\u00e1rios para poder realizar de forma simples e profissional o desenho completo da flor e dos rolos correspondentes a qualquer tipo de perfil, j\u00e1 seja aberto ou fechado. Este pacote incorpora o M\u00f3dulo de Analise de\u00a0 Tens\u00f5es do Perfil (PSA), que fornece de forma instant\u00e2nea uma estimativa das deforma\u00e7\u00f5es indesejadas que estragam a qualidade dos produtos perfilados.<\/p>\n<p>&nbsp;<\/p>\n<p>O\u00a0<strong>desenho da flor<\/strong> \u00e9 feito em um ambiente em forma de tabela, o qual permite adotar de forma r\u00e1pida e intuitiva qualquer \u00e2ngulo e raio de desdobramento o qualquer m\u00e9todo de calibra\u00e7\u00e3o em cada etapa da flor. Da mesma forma, pode ser usada para alterar parametricamente o perfil final ou para diretamente cri\u00e1-lo. Al\u00e9m disso, faz liga\u00e7\u00e3o direita com o seu sistema CAD, e portanto o perfil tamb\u00e9m pode ser importado com um clic de rato.<\/p>\n<p>&nbsp;<\/p>\n<p>Por outro lado, PROFIL\u00ae \u00e9 tamb\u00e9m um completo sistema CAD para a <strong>cria\u00e7\u00e3o de rolos<\/strong> de perfilagem, que combina a versatilidade das fun\u00e7\u00f5es pr\u00f3prias do aseu sistema CAD com a velocidade dos comandos especialmente criados para agilizar o desenho das ferramentas. Uma vez terminado este processo, gera automaticamente planos cotados, listas de pesos, materiais e corte para a subsequente fabrica\u00e7\u00e3o das ferramentas.[\/vc_column_text][vc_empty_space][vc_row_inner el_class=&#8221;img-circulo&#8221;][vc_column_inner width=&#8221;1\/12&#8243;][\/vc_column_inner][vc_column_inner width=&#8221;1\/6&#8243;][vc_single_image image=&#8221;997&#8243; img_size=&#8221;full&#8221; alignment=&#8221;center&#8221; style=&#8221;vc_box_border_circle_2&#8243; border_color=&#8221;violet&#8221; onclick=&#8221;custom_link&#8221; link=&#8221;\/wp-content\/uploads\/2022\/03\/Perfil_Flor.png&#8221;][vc_empty_space][\/vc_column_inner][vc_column_inner width=&#8221;1\/6&#8243;][vc_single_image image=&#8221;999&#8243; img_size=&#8221;full&#8221; alignment=&#8221;center&#8221; style=&#8221;vc_box_border_circle_2&#8243; border_color=&#8221;violet&#8221; onclick=&#8221;custom_link&#8221; link=&#8221;\/wp-content\/uploads\/2022\/03\/Perfil_Trapezoidal.png&#8221;][vc_empty_space][\/vc_column_inner][vc_column_inner width=&#8221;1\/6&#8243;][vc_single_image image=&#8221;1001&#8243; img_size=&#8221;full&#8221; alignment=&#8221;center&#8221; style=&#8221;vc_box_border_circle_2&#8243; border_color=&#8221;violet&#8221; onclick=&#8221;custom_link&#8221; link=&#8221;\/wp-content\/uploads\/2022\/03\/Perfil_Vista3D.png&#8221;][vc_empty_space][\/vc_column_inner][vc_column_inner width=&#8221;1\/6&#8243;][vc_single_image image=&#8221;1003&#8243; img_size=&#8221;full&#8221; alignment=&#8221;center&#8221; style=&#8221;vc_box_border_circle_2&#8243; border_color=&#8221;violet&#8221; onclick=&#8221;custom_link&#8221; link=&#8221;\/wp-content\/uploads\/2022\/03\/Perfil_Agujeros.png&#8221;][vc_empty_space][\/vc_column_inner][vc_column_inner width=&#8221;1\/6&#8243;][vc_single_image image=&#8221;1005&#8243; img_size=&#8221;full&#8221; alignment=&#8221;center&#8221; style=&#8221;vc_box_border_circle_2&#8243; border_color=&#8221;violet&#8221; onclick=&#8221;custom_link&#8221; link=&#8221;\/wp-content\/uploads\/2022\/03\/Perfil_Rodillos.png&#8221;][vc_empty_space][\/vc_column_inner][vc_column_inner width=&#8221;1\/12&#8243;][\/vc_column_inner][\/vc_row_inner][vc_empty_space][vc_empty_space height=&#8221;20px&#8221;][vc_column_text][\/vc_column_text][\/vc_column][\/vc_row][vc_row full_width=&#8221;stretch_row&#8221; css=&#8221;.vc_custom_1549888294505{background-color: #e5e5e5 !important;}&#8221; el_id=&#8221;copra-rf-para-tubos&#8221;][vc_column][vc_column_text]<\/p>\n<h2>PROFIL\u00ae para Tubos<\/h2>\n<p>[\/vc_column_text][vc_empty_space height=&#8221;50px&#8221;][vc_column_text]<strong>PROFIL\u00ae para Tubos <\/strong>oferece os m\u00f3dulos correspondentes ao desenho dos rolos de conforma\u00e7\u00e3o e de calibra\u00e7\u00e3o de tubos, tanto redondos como retangulares e com formas especiais. Tanto as fun\u00e7\u00f5es de desenho da flor como as correspondentes \u00e0s ferramentas s\u00e3o totalmente param\u00e9tricas. Esta configura\u00e7\u00e3o tamb\u00e9m incorpora o M\u00f3dulo de Analise de\u00a0 Tens\u00f5es do Perfil (PSA), que fornece de forma instant\u00e2nea uma estimativa das deforma\u00e7\u00f5es longitudinais na beira da chapa que ocorrem durante o processo.<\/p>\n<p>&nbsp;<\/p>\n<p>O c\u00e1lculo das etapas que configuram a\u00a0<strong>flor do tubo redondo<\/strong>\u00a0\u00e9 realizado segundo as estrat\u00e9gias armazenadas na base de dados do programa. O usu\u00e1rio pode facilmente modific\u00e1-las ou criar outras novas de acordo com as necessidades dele. Por exemplo, \u00e9 poss\u00edvel adotar automaticamente estrat\u00e9gias como conforma\u00e7\u00e3o descendente, dobra em W ou desenvolvimento em diferentes arcos. Tamb\u00e9m podem-se usar diversos m\u00e9todos de c\u00e1lculo de largura de banda. As opera\u00e7\u00f5es de\u00a0<strong>calibra\u00e7\u00e3o a tubo com forma<\/strong>\u00a0s\u00e3o calculadas e otimizadas de acordo com diferentes algoritmos que podem ser personalizados pelo usu\u00e1rio.<\/p>\n<p>&nbsp;<\/p>\n<p>Para o\u00a0<strong>desenho dos rolos<\/strong>, os tipos de esta\u00e7\u00f5es habituais de conforma\u00e7\u00e3o, calibra\u00e7\u00e3o e cabe\u00e7a turca est\u00e3o inclu\u00eddas na base de dados do programa e podem novamente ser redefinidos em tudo o que for necess\u00e1rio pelo usu\u00e1rio. Uma vez que o ferramental foi criado, PROFIL\u00ae gera automaticamente planos cotados, listas de pesos, materiais e corte necess\u00e1rias para a subsequente fabrica\u00e7\u00e3o dele.[\/vc_column_text][vc_empty_space][vc_row_inner el_class=&#8221;img-circulo&#8221;][vc_column_inner width=&#8221;1\/12&#8243;][\/vc_column_inner][vc_column_inner width=&#8221;1\/6&#8243;][vc_single_image image=&#8221;1007&#8243; img_size=&#8221;full&#8221; alignment=&#8221;center&#8221; style=&#8221;vc_box_border_circle_2&#8243; border_color=&#8221;violet&#8221; onclick=&#8221;custom_link&#8221; link=&#8221;\/wp-content\/uploads\/2022\/03\/Tubo_Aleta.png&#8221;][vc_empty_space][\/vc_column_inner][vc_column_inner width=&#8221;1\/6&#8243;][vc_single_image image=&#8221;1009&#8243; img_size=&#8221;full&#8221; alignment=&#8221;center&#8221; style=&#8221;vc_box_border_circle_2&#8243; border_color=&#8221;violet&#8221; onclick=&#8221;custom_link&#8221; link=&#8221;\/wp-content\/uploads\/2022\/03\/Tubo_Rodillo.png&#8221;][vc_empty_space][\/vc_column_inner][vc_column_inner width=&#8221;1\/6&#8243;][vc_single_image image=&#8221;1011&#8243; img_size=&#8221;full&#8221; alignment=&#8221;center&#8221; style=&#8221;vc_box_border_circle_2&#8243; border_color=&#8221;violet&#8221; onclick=&#8221;custom_link&#8221; el_class=&#8221;ampliar-img&#8221; link=&#8221;\/wp-content\/uploads\/2022\/03\/Tubo_Flor.png&#8221;][vc_empty_space][\/vc_column_inner][vc_column_inner width=&#8221;1\/6&#8243;][vc_single_image image=&#8221;1013&#8243; img_size=&#8221;full&#8221; alignment=&#8221;center&#8221; style=&#8221;vc_box_border_circle_2&#8243; border_color=&#8221;violet&#8221; onclick=&#8221;custom_link&#8221; link=&#8221;\/wp-content\/uploads\/2022\/03\/Tubo_Calibracion.png&#8221;][vc_empty_space][\/vc_column_inner][vc_column_inner width=&#8221;1\/6&#8243;][vc_single_image image=&#8221;1015&#8243; img_size=&#8221;full&#8221; alignment=&#8221;center&#8221; style=&#8221;vc_box_border_circle_2&#8243; border_color=&#8221;violet&#8221; onclick=&#8221;custom_link&#8221; link=&#8221;\/wp-content\/uploads\/2022\/03\/Tubo_Maquina.png&#8221;][vc_empty_space][\/vc_column_inner][vc_column_inner width=&#8221;1\/12&#8243;][\/vc_column_inner][\/vc_row_inner][vc_empty_space][vc_column_text][\/vc_column_text][\/vc_column][\/vc_row][vc_row el_id=&#8221;copra-fea-rf&#8221;][vc_column][vc_empty_space height=&#8221;80px&#8221;][vc_column_text]<\/p>\n<h2>Simula\u00e7\u00e3o FEA com PROFIL\u00ae<\/h2>\n<p>[\/vc_column_text][vc_empty_space height=&#8221;50px&#8221;][vc_row_inner][vc_column_inner width=&#8221;2\/3&#8243;][vc_column_text]Como n\u00e3o poderia deixar de ser, <strong>PROFIL\u00ae <\/strong>oferece aos seus usu\u00e1rios a possibilidade de validar seus projetos atrav\u00e9s de uma simula\u00e7\u00e3o por elementos finitos, na linha de UBECO de fornecer software de alta efici\u00eancia adaptado \u00e0s necessidades da ind\u00fastria do perfilagem. Usando a mais recente tecnologia de simula\u00e7\u00e3o permite aos usu\u00e1rios realizar o c\u00e1lculo n\u00e3o-linear elastopl\u00e1stico do processo sem necessidade de ter conhecimentos pr\u00e9vios sobre o m\u00e9todo de elementos finitos.<\/p>\n<p>&nbsp;<\/p>\n<p>Todo o projeto \u00e9 traspassado a LS-DYNA, programa f\u00e1cil de usar e que funciona em qualquer computador pessoal atual. Al\u00e9m disso, n\u00e3o precisa de um laborioso pr\u00e9-processamento (cria\u00e7\u00e3o do modelo) nem requer um p\u00f3s-processamento (interpreta\u00e7\u00e3o dos resultados) s\u00f3 acess\u00edvel aos especialistas em elementos finitos. Pelo contr\u00e1rio, \u00e9 feito \u00e0 medida das necessidades dos fabricantes de perfis, como todos os produtos PROFIL\u00ae de UBECO.<\/p>\n<p>&nbsp;<\/p>\n<p>PROFIL\u00ae cria o modelo de elementos finitos automaticamente a partir do desenho de flor e rolos, com o que PROFIL\u00ae \u00e9, portanto, diretamente o pr\u00e9-processador da simula\u00e7\u00e3o. Indo al\u00e9m do c\u00e1lculo feito por PSA, a simula\u00e7\u00e3o FEA mostra informa\u00e7\u00f5es essenciais sobre as for\u00e7as e deforma\u00e7\u00f5es do processo de uma forma intelig\u00edvel para um fabricante de perfis. Al\u00e9m disso, a visualiza\u00e7\u00e3o 3D da chapa durante a conforma\u00e7\u00e3o torna poss\u00edvel antecipar-se aos defeitos f\u00edsicos do processo real, \u00e9 por isso que este m\u00f3dulo \u00e9 uma \u201c<strong>linha de perfilagem virtual<\/strong>\u201d na qual o usu\u00e1rio pode testar os resultados de um novo conjunto de rolos antes de ser fabricado.[\/vc_column_text][vc_empty_space][\/vc_column_inner][vc_column_inner width=&#8221;1\/3&#8243;][vc_single_image image=&#8221;994&#8243; img_size=&#8221;full&#8221; alignment=&#8221;center&#8221;][vc_empty_space][vc_empty_space height=&#8221;20px&#8221;][\/vc_column_inner][\/vc_row_inner][\/vc_column][\/vc_row]<\/p>\n","protected":false},"excerpt":{"rendered":"<p>[vc_row][vc_column][vc_empty_space height=&#8221;100px&#8221;][vc_column_text] SOFTWARE [\/vc_column_text][vc_empty_space height=&#8221;50px&#8221;][vc_column_text]PROFIL\u00ae \u00e9 um sistema integral CAD\/CAM\/CAE para perfilagem de chapa que permite reduzir os tempos e custos &#8230;<\/p>\n","protected":false},"author":1,"featured_media":0,"parent":0,"menu_order":0,"comment_status":"closed","ping_status":"closed","template":"","meta":{"footnotes":""},"class_list":["post-585","page","type-page","status-publish","hentry"],"yoast_head":"<!-- This site is optimized with the Yoast SEO plugin v26.4 - https:\/\/yoast.com\/wordpress\/plugins\/seo\/ -->\n<title>Software - NGRMAQ<\/title>\n<meta name=\"robots\" content=\"index, follow, max-snippet:-1, max-image-preview:large, max-video-preview:-1\" \/>\n<link rel=\"canonical\" href=\"https:\/\/www.ngrmaq.es\/pt\/software\/\" \/>\n<meta property=\"og:locale\" content=\"pt_PT\" \/>\n<meta property=\"og:type\" content=\"article\" \/>\n<meta property=\"og:title\" content=\"Software - NGRMAQ\" \/>\n<meta property=\"og:description\" content=\"[vc_row][vc_column][vc_empty_space height=&#8221;100px&#8221;][vc_column_text] SOFTWARE [\/vc_column_text][vc_empty_space height=&#8221;50px&#8221;][vc_column_text]PROFIL\u00ae \u00e9 um sistema integral CAD\/CAM\/CAE para perfilagem de chapa que permite reduzir os tempos e custos ...\" \/>\n<meta property=\"og:url\" content=\"https:\/\/www.ngrmaq.es\/pt\/software\/\" \/>\n<meta property=\"og:site_name\" content=\"NGRMAQ\" \/>\n<meta property=\"article:modified_time\" content=\"2022-03-28T11:14:03+00:00\" \/>\n<meta name=\"twitter:card\" content=\"summary_large_image\" \/>\n<meta name=\"twitter:label1\" content=\"Est. reading time\" \/>\n\t<meta name=\"twitter:data1\" content=\"8 minutes\" \/>\n<script type=\"application\/ld+json\" class=\"yoast-schema-graph\">{\"@context\":\"https:\/\/schema.org\",\"@graph\":[{\"@type\":\"WebPage\",\"@id\":\"https:\/\/www.ngrmaq.es\/pt\/software\/\",\"url\":\"https:\/\/www.ngrmaq.es\/pt\/software\/\",\"name\":\"Software - NGRMAQ\",\"isPartOf\":{\"@id\":\"https:\/\/www.ngrmaq.es\/#website\"},\"datePublished\":\"2019-05-22T09:49:52+00:00\",\"dateModified\":\"2022-03-28T11:14:03+00:00\",\"breadcrumb\":{\"@id\":\"https:\/\/www.ngrmaq.es\/pt\/software\/#breadcrumb\"},\"inLanguage\":\"pt-PT\",\"potentialAction\":[{\"@type\":\"ReadAction\",\"target\":[\"https:\/\/www.ngrmaq.es\/pt\/software\/\"]}]},{\"@type\":\"BreadcrumbList\",\"@id\":\"https:\/\/www.ngrmaq.es\/pt\/software\/#breadcrumb\",\"itemListElement\":[{\"@type\":\"ListItem\",\"position\":1,\"name\":\"Portada\",\"item\":\"https:\/\/www.ngrmaq.es\/pt\/\"},{\"@type\":\"ListItem\",\"position\":2,\"name\":\"Software\"}]},{\"@type\":\"WebSite\",\"@id\":\"https:\/\/www.ngrmaq.es\/#website\",\"url\":\"https:\/\/www.ngrmaq.es\/\",\"name\":\"NGRMAQ\",\"description\":\"El partner tecnol\u00f3gico de la industria del perfilado.\",\"potentialAction\":[{\"@type\":\"SearchAction\",\"target\":{\"@type\":\"EntryPoint\",\"urlTemplate\":\"https:\/\/www.ngrmaq.es\/?s={search_term_string}\"},\"query-input\":{\"@type\":\"PropertyValueSpecification\",\"valueRequired\":true,\"valueName\":\"search_term_string\"}}],\"inLanguage\":\"pt-PT\"}]}<\/script>\n<!-- \/ Yoast SEO plugin. -->","yoast_head_json":{"title":"Software - NGRMAQ","robots":{"index":"index","follow":"follow","max-snippet":"max-snippet:-1","max-image-preview":"max-image-preview:large","max-video-preview":"max-video-preview:-1"},"canonical":"https:\/\/www.ngrmaq.es\/pt\/software\/","og_locale":"pt_PT","og_type":"article","og_title":"Software - NGRMAQ","og_description":"[vc_row][vc_column][vc_empty_space height=&#8221;100px&#8221;][vc_column_text] SOFTWARE [\/vc_column_text][vc_empty_space height=&#8221;50px&#8221;][vc_column_text]PROFIL\u00ae \u00e9 um sistema integral CAD\/CAM\/CAE para perfilagem de chapa que permite reduzir os tempos e custos ...","og_url":"https:\/\/www.ngrmaq.es\/pt\/software\/","og_site_name":"NGRMAQ","article_modified_time":"2022-03-28T11:14:03+00:00","twitter_card":"summary_large_image","twitter_misc":{"Est. reading time":"8 minutes"},"schema":{"@context":"https:\/\/schema.org","@graph":[{"@type":"WebPage","@id":"https:\/\/www.ngrmaq.es\/pt\/software\/","url":"https:\/\/www.ngrmaq.es\/pt\/software\/","name":"Software - NGRMAQ","isPartOf":{"@id":"https:\/\/www.ngrmaq.es\/#website"},"datePublished":"2019-05-22T09:49:52+00:00","dateModified":"2022-03-28T11:14:03+00:00","breadcrumb":{"@id":"https:\/\/www.ngrmaq.es\/pt\/software\/#breadcrumb"},"inLanguage":"pt-PT","potentialAction":[{"@type":"ReadAction","target":["https:\/\/www.ngrmaq.es\/pt\/software\/"]}]},{"@type":"BreadcrumbList","@id":"https:\/\/www.ngrmaq.es\/pt\/software\/#breadcrumb","itemListElement":[{"@type":"ListItem","position":1,"name":"Portada","item":"https:\/\/www.ngrmaq.es\/pt\/"},{"@type":"ListItem","position":2,"name":"Software"}]},{"@type":"WebSite","@id":"https:\/\/www.ngrmaq.es\/#website","url":"https:\/\/www.ngrmaq.es\/","name":"NGRMAQ","description":"El partner tecnol\u00f3gico de la industria del perfilado.","potentialAction":[{"@type":"SearchAction","target":{"@type":"EntryPoint","urlTemplate":"https:\/\/www.ngrmaq.es\/?s={search_term_string}"},"query-input":{"@type":"PropertyValueSpecification","valueRequired":true,"valueName":"search_term_string"}}],"inLanguage":"pt-PT"}]}},"_links":{"self":[{"href":"https:\/\/ngrmaq.es\/pt\/wp-json\/wp\/v2\/pages\/585","targetHints":{"allow":["GET"]}}],"collection":[{"href":"https:\/\/ngrmaq.es\/pt\/wp-json\/wp\/v2\/pages"}],"about":[{"href":"https:\/\/ngrmaq.es\/pt\/wp-json\/wp\/v2\/types\/page"}],"author":[{"embeddable":true,"href":"https:\/\/ngrmaq.es\/pt\/wp-json\/wp\/v2\/users\/1"}],"replies":[{"embeddable":true,"href":"https:\/\/ngrmaq.es\/pt\/wp-json\/wp\/v2\/comments?post=585"}],"version-history":[{"count":19,"href":"https:\/\/ngrmaq.es\/pt\/wp-json\/wp\/v2\/pages\/585\/revisions"}],"predecessor-version":[{"id":1048,"href":"https:\/\/ngrmaq.es\/pt\/wp-json\/wp\/v2\/pages\/585\/revisions\/1048"}],"wp:attachment":[{"href":"https:\/\/ngrmaq.es\/pt\/wp-json\/wp\/v2\/media?parent=585"}],"curies":[{"name":"wp","href":"https:\/\/api.w.org\/{rel}","templated":true}]}}